{"id":59,"date":"2017-01-29T23:59:24","date_gmt":"2017-01-29T22:59:24","guid":{"rendered":"http:\/\/www.ragazzimedfest.it\/?page_id=59"},"modified":"2019-11-04T08:54:57","modified_gmt":"2019-11-04T07:54:57","slug":"chi-siamo","status":"publish","type":"page","link":"https:\/\/www.ragazzimedfest.it\/2021\/chi-siamo\/","title":{"rendered":"Chi siamo"},"content":{"rendered":"<p><strong><a href=\"http:\/\/www.ragazzimedfest.it\/wp-content\/uploads\/2017\/01\/gae-x-chi-siamo.jpg\"><img loading=\"lazy\" decoding=\"async\" class=\"alignright  wp-image-1560\" src=\"http:\/\/www.ragazzimedfest.it\/wp-content\/uploads\/2017\/01\/gae-x-chi-siamo.jpg\" alt=\"\" width=\"218\" height=\"218\" srcset=\"https:\/\/www.ragazzimedfest.it\/2021\/wp-content\/uploads\/2017\/01\/gae-x-chi-siamo.jpg 816w, https:\/\/www.ragazzimedfest.it\/2021\/wp-content\/uploads\/2017\/01\/gae-x-chi-siamo-150x150.jpg 150w, https:\/\/www.ragazzimedfest.it\/2021\/wp-content\/uploads\/2017\/01\/gae-x-chi-siamo-300x300.jpg 300w, https:\/\/www.ragazzimedfest.it\/2021\/wp-content\/uploads\/2017\/01\/gae-x-chi-siamo-768x768.jpg 768w, https:\/\/www.ragazzimedfest.it\/2021\/wp-content\/uploads\/2017\/01\/gae-x-chi-siamo-570x570.jpg 570w, https:\/\/www.ragazzimedfest.it\/2021\/wp-content\/uploads\/2017\/01\/gae-x-chi-siamo-701x701.jpg 701w, https:\/\/www.ragazzimedfest.it\/2021\/wp-content\/uploads\/2017\/01\/gae-x-chi-siamo-30x30.jpg 30w\" sizes=\"(max-width: 218px) 100vw, 218px\" \/><\/a>Un festival per tutti.3<br \/>\n<\/strong><\/p>\n<p>Non c&#8217;\u00e8 2 senza 3, mai come adesso sentiamo che questo motto ci appartiene.<\/p>\n<p>Dopo il clima creatosi nel corso dell&#8217;edizione 2018 del Ragazzi MedFest, con sempre maggiore convinzione abbiamo messo in atto tutto il possibile per allestire questa terza edizione, fortemente voluta senza se e senza ma.<\/p>\n<p>Ancora una volta partiamo senza rete di protezione, con grande entusiasmo, pronti a sperimentare i salti mortali e le acrobazie per i quali ci siamo allenati un anno intero.<\/p>\n<p>Salti mortali e acrobazie che tutto lo staff &#8211; La Banda del Mare Salato &#8211; affronta lanciandosi nel vuoto di dieci giorni di Festival e riempiendolo di artisti, immagini, storie, luci e tanti sorrisi.<\/p>\n<p>Ci auguriamo, come sempre, che nel corso delle settimane e dei mesi a venire la rete di protezione, di cui al momento non c&#8217;\u00e8 traccia, si cominci a tessere come per magia.<br \/>\nCi auguriamo che le istituzioni, con i loro &#8220;tempi lunghi&#8221;, si accorgano di quanto possa essere importante dare continuit\u00e0 ad appuntamenti studiati e accuratamente pensati per le nuove generazioni, e alle attivit\u00e0 culturali &#8220;vere&#8221; in generale.<br \/>\nCi auguriamo che a tutti i livelli territoriali inizino a collaborare fattivamente e non solo a parole a questo genere di eventi che dimostrano di sostenersi con continuit\u00e0 nel tempo.<br \/>\nCi auguriamo che comprendano che le realt\u00e0 che investono realmente (gli artisti, gli allestimenti, i lavoratori esterni, i professionisti&#8230; costano) nel campo della cultura &#8211; e della cultura per i giovani in particolare, quindi nel futuro del nostro territorio &#8211; possano essere, se non sostenute direttamente, almeno sgravate da imposte e tasse per l&#8217;uso dei beni comuni.<br \/>\nCi auguriamo che non facciamo vuote promesse, ratificate da atti di sostegno pubblici che all&#8217;ultimo momento vengono annulati o decurtati senza spiegazione, costringendo chi gi\u00e0 investe di suo ad affrontare imbarazzanti rapporti con banche e affini.<\/p>\n<p>Non abbiamo bisogno di augurarci, invece &#8211; lo diciamo con impertinenza e al diavolo la scaramanzia &#8211; la fiducia di chi da anni segue il nostro lavoro, mette in moto il tam tam urbano che ci allieta con volti e sorrisi sempre nuovi.<\/p>\n<p>Per loro, per chi c&#8217;\u00e8 e per chi arriver\u00e0, stiamo gi\u00e0 tracciando le fondamenta per il prossimo Ragazzi MedFest.<\/p>\n<p>Un grazie in anticipo, infine, a tutti gli artisti &#8211; attori registi tecnici scrittori illustratori &#8211; che certo non si risparmieranno nei prossimi giorni.<\/p>\n<p>E a tutta la Banda del Mare Salato&#8230; buon lavoro.<\/p>\n<p><strong>Gaetano Tramontana<\/strong><br \/>\n<em>Direttore Artistico Ragazzi MedFest<\/em><\/p>\n<p>&nbsp;<\/p>\n<p>&nbsp;<\/p>\n<p>&nbsp;<\/p>\n<p>&nbsp;<\/p>\n","protected":false},"excerpt":{"rendered":"<p>Un festival per tutti.3 Non c&#8217;\u00e8 2 senza 3, mai come adesso sentiamo che questo motto ci appartiene. Dopo il clima creatosi nel corso dell&#8217;edizione 2018 del Ragazzi MedFest, con sempre maggiore convinzione abbiamo messo in atto tutto il possibile per allestire questa terza edizione, fortemente voluta senza se e senza ma. Ancora una volta [&hellip;]<\/p>\n","protected":false},"author":1,"featured_media":0,"parent":0,"menu_order":0,"comment_status":"closed","ping_status":"closed","template":"","meta":{"ngg_post_thumbnail":0,"footnotes":""},"class_list":["post-59","page","type-page","status-publish","hentry","last_archivepost"],"_links":{"self":[{"href":"https:\/\/www.ragazzimedfest.it\/2021\/wp-json\/wp\/v2\/pages\/59"}],"collection":[{"href":"https:\/\/www.ragazzimedfest.it\/2021\/wp-json\/wp\/v2\/pages"}],"about":[{"href":"https:\/\/www.ragazzimedfest.it\/2021\/wp-json\/wp\/v2\/types\/page"}],"author":[{"embeddable":true,"href":"https:\/\/www.ragazzimedfest.it\/2021\/wp-json\/wp\/v2\/users\/1"}],"replies":[{"embeddable":true,"href":"https:\/\/www.ragazzimedfest.it\/2021\/wp-json\/wp\/v2\/comments?post=59"}],"version-history":[{"count":15,"href":"https:\/\/www.ragazzimedfest.it\/2021\/wp-json\/wp\/v2\/pages\/59\/revisions"}],"predecessor-version":[{"id":1565,"href":"https:\/\/www.ragazzimedfest.it\/2021\/wp-json\/wp\/v2\/pages\/59\/revisions\/1565"}],"wp:attachment":[{"href":"https:\/\/www.ragazzimedfest.it\/2021\/wp-json\/wp\/v2\/media?parent=59"}],"curies":[{"name":"wp","href":"https:\/\/api.w.org\/{rel}","templated":true}]}}